{"id":24,"date":"2024-06-14T10:33:20","date_gmt":"2024-06-14T10:33:20","guid":{"rendered":"https:\/\/vita-glas.de\/?page_id=24"},"modified":"2024-06-27T08:17:41","modified_gmt":"2024-06-27T08:17:41","slug":"impressum-datenschutz","status":"publish","type":"page","link":"https:\/\/vita-glas.de\/en\/impressum-datenschutz\/","title":{"rendered":"Imprint \/ Privacy policy"},"content":{"rendered":"<div data-elementor-type=\"wp-page\" data-elementor-id=\"24\" class=\"elementor elementor-24\">\n\t\t\t\t<div class=\"elementor-element elementor-element-5a53b86 e-flex e-con-boxed e-con e-parent\" data-id=\"5a53b86\" data-element_type=\"container\">\n\t\t\t\t\t<div class=\"e-con-inner\">\n\t\t\t\t<div class=\"elementor-element elementor-element-4793f8f elementor-widget elementor-widget-text-editor\" data-id=\"4793f8f\" data-element_type=\"widget\" data-widget_type=\"text-editor.default\">\n\t\t\t\t<div class=\"elementor-widget-container\">\n\t\t\t\t\t\t\t\t\t<p><b><i>\u00a0<\/i><\/b><\/p><p><b><i>Impressum:<\/i><\/b><b style=\"font-size: 14px; color: var( --e-global-color-text ); text-align: var(--text-align);\"><i><br \/><\/i><\/b><\/p><p><b style=\"font-size: 14px; color: var( --e-global-color-text ); text-align: var(--text-align);\"><i>VITA Glas<br \/>Vitali Deperschmidt Handelsagentur<br \/><\/i><\/b><b style=\"font-size: 14px; color: var( --e-global-color-text ); text-align: var(--text-align);\"><i>Vitali Deperschmidt<br \/><\/i><\/b><b style=\"font-size: 14px; color: var( --e-global-color-text ); text-align: var(--text-align);\"><i>Rhederweg 7<br \/><\/i><\/b><b style=\"font-size: 14px; color: var( --e-global-color-text ); text-align: var(--text-align);\"><i>D-33100 Paderborn<\/i><\/b><\/p><p><b><i>Tel.: +49 (52 51) 184 56 24<br \/>Fax: +49 (52 51) 184 56 25<br \/>E-Mail: info@vita-glas.de<\/i><\/b><\/p><p><b><i>Umsatzsteuer-Identifikationsnummer: DE 217145714<\/i><\/b><\/p><p><b><i><\/i><\/b><b><i>Online-Streitbeilegung<\/i><\/b><\/p><p><b><i>Online-Streitbeilegung gem Art. 14 Abs. 1 ODR-VO: Die Europische Kommission stellt eine Plattform zur Online-Streitbeilegung (OS) bereit, die Sie unter <\/i><\/b><span style=\"text-decoration: underline;\"><a href=\"https:\/\/ec.europa.eu\/consumers\/odr\/main\/index.cfm?event=main.home.chooseLanguage\" rel=\"noopener\">https:\/\/ec.europa.eu\/consumers\/odr\/main\/index.cfm?event=main.home.chooseLanguage<\/a><\/span><b><i>\u00a0finden.<\/i><\/b><\/p><p><b><i>E-Mail: info@vita-glas.de<\/i><\/b><\/p>\t\t\t\t\t\t\t\t<\/div>\n\t\t\t\t<\/div>\n\t\t\t\t\t<\/div>\n\t\t\t\t<\/div>\n\t\t<div class=\"elementor-element elementor-element-57244bd e-flex e-con-boxed e-con e-parent\" data-id=\"57244bd\" data-element_type=\"container\">\n\t\t\t\t\t<div class=\"e-con-inner\">\n\t\t\t\t<div class=\"elementor-element elementor-element-03f8534 elementor-widget elementor-widget-text-editor\" data-id=\"03f8534\" data-element_type=\"widget\" data-widget_type=\"text-editor.default\">\n\t\t\t\t<div class=\"elementor-widget-container\">\n\t\t\t\t\t\t\t\t\t<p><b>Datenschutzerkl\u00e4rung<\/b><\/p><p>Wir nehmen den Schutz pers\u00f6nlicher Daten sehr ernst und halten uns an die einschl\u00e4gigen gesetzlichen Vorschriften. Die nachfolgende Erkl\u00e4rung informiert Sie dar\u00fcber, welche Art von personenbezogenen Daten zu welchem Zweck auf dieser Webseite erhoben werden und in welchem Ma\u00dfe diese Daten Dritten zug\u00e4nglich gemacht werden.<\/p><p><b>Log-Dateien<\/b><\/p><p>In den Serverstatistiken werden automatisch solche Daten gespeichert, die der Browser an uns \u00fcbermittelt, um Ihnen den Besuch der Website zu erm\u00f6glichen (sogenannte \u201elogfiles\u201c).<\/p><p>Dies sind im Einzelnen folgende Daten:<\/p><p>&#8211; Sprache und Version der Browsersoftware<br \/>&#8211; verwendetes Betriebssystem und dessen Oberfl\u00e4che<br \/>&#8211; Referrer URL (die zuvor besuchte Seite)<br \/>&#8211; Hostname des zugreifenden Rechners (IP- Adresse)<br \/>&#8211; Datum und Uhrzeit der Serveranfrage<br \/>&#8211; Zeitzonendifferenz zur Greenwich Mean Time (GMT)<br \/>&#8211; Inhalt der Anforderung (konkrete Seite)<br \/>&#8211; \u00fcbertragene Datenmenge<br \/>&#8211; Zugriffsstatus\/ HTTP- Statuscode.<\/p><p>Diese Daten k\u00f6nnen wir in der Regel nicht bestimmten Personen zuordnen. Eine Zusammenf\u00fchrung dieser Daten mit anderen Datenquellen wird nicht vorgenommen. Die Daten werden zudem nach einer statistischen Auswertung innerhalb von 4 Wochen gel\u00f6scht.<\/p><p>Wir verwenden diese Daten nur f\u00fcr statistische Auswertungen zum Zweck des Betriebs, der Sicherheit und Optimierung unseres Angebotes.<\/p><p><b>Weitere personenbezogene Daten bei Nutzung der Webseite<\/b><\/p><p>Die von Ihnen zur Verf\u00fcgung gestellten personenbezogenen Daten, wie Name, Adresse oder E-Mail-Adresse werden nur intern verwendet, um Ihre Anfragen zu beantworten, Ihre Auftr\u00e4ge zu bearbeiten oder Ihnen Zugang zu bestimmten Informationen zu verschaffen.<br \/>Bei Ihrer Kontaktaufnahme mit uns per E-Mail oder \u00fcber das Kontaktformular werden Ihre Angaben von uns gespeichert, um Ihre Fragen zu beantworten.<\/p><p><b>Datenweitergabe an Dritte; Zweck\u00e4nderung<\/b><\/p><p>An Dritte werden Daten nur weitergegeben, wenn dies zur Vertragserf\u00fcllung notwendig ist und\/oder wir im Einzelfall dazu gesetzlich verpflichtet sind.<br \/>Teilweise bedienen wir uns externer Dienstleister, um Ihre Daten zu verarbeiten.<\/p><p>Sollen Ihre Daten fr andere Zwecke verwendet werden, werden wir Sie zuvor informieren und die Daten nur verwenden, soweit Sie vorher ausdr\u00fccklich Ihre Einwilligung dazu erkl\u00e4rt haben.<\/p><p><b>Cookies<\/b><\/p><p>Diese Seite verwendet keine Cookies. Ebenso wenig werden andere Techniken verwendet, die dazu dienen, das Zugriffsverhalten der Nutzer nachvollziehen zu k\u00f6nnen.<\/p><p><b>Auskunft, Berichtigung, Sperrung, L\u00f6schung<\/b><\/p><p>Wir geben gerne Auskunft \u00fcber Ihre bei uns gespeicherten pers\u00f6nlichen Daten, sowie zu deren Herkunft, Empf\u00e4ngern oder Kategorien von Empf\u00e4ngern, an die diese Daten weitergegeben werden und den Zweck der Speicherung. Dieses Recht k\u00f6nnen Sie jederzeit geltend machen sowie gegebenenfalls ein Recht auf Berichtigung, Sperrung und L\u00f6schung Ihrer Daten. Senden Sie hierzu eine Anfrage per E-Mail und verwenden Sie bitte in der Betreffzeile den Betreff &#8222;Datenschutz&#8220;.<\/p><p>Diese Datenschutzerkl\u00e4rung wurde von der\u00a0<a target=\"_self\">Rechtsanwaltskanzlei Sieling<\/a>\u00a0\u2013 Fachanwaltskanzlei f\u00fcr IT-Recht &#8211; zur Verfgung gestellt.<\/p>\t\t\t\t\t\t\t\t<\/div>\n\t\t\t\t<\/div>\n\t\t\t\t\t<\/div>\n\t\t\t\t<\/div>\n\t\t\t\t<\/div>","protected":false},"excerpt":{"rendered":"<p>\u00a0 Impressum: VITA GlasVitali Deperschmidt HandelsagenturVitali DeperschmidtRhederweg 7D-33100 Paderborn Tel.: +49 (52 51) 184 56 24Fax: +49 (52 51) 184 56 25E-Mail: info@vita-glas.de Umsatzsteuer-Identifikationsnummer: DE 217145714 Online-Streitbeilegung Online-Streitbeilegung gem Art. 14 Abs. 1 ODR-VO: Die Europische Kommission stellt eine Plattform zur Online-Streitbeilegung (OS) bereit, die Sie unter https:\/\/ec.europa.eu\/consumers\/odr\/main\/index.cfm?event=main.home.chooseLanguage\u00a0finden. E-Mail: info@vita-glas.de Datenschutzerkl\u00e4rung Wir nehmen den Schutz [&hellip;]<\/p>\n","protected":false},"author":1,"featured_media":0,"parent":0,"menu_order":0,"comment_status":"closed","ping_status":"closed","template":"","meta":{"ocean_post_layout":"full-screen","ocean_both_sidebars_style":"","ocean_both_sidebars_content_width":0,"ocean_both_sidebars_sidebars_width":0,"ocean_sidebar":"","ocean_second_sidebar":"","ocean_disable_margins":"enable","ocean_add_body_class":"","ocean_shortcode_before_top_bar":"","ocean_shortcode_after_top_bar":"","ocean_shortcode_before_header":"","ocean_shortcode_after_header":"","ocean_has_shortcode":"","ocean_shortcode_after_title":"","ocean_shortcode_before_footer_widgets":"","ocean_shortcode_after_footer_widgets":"","ocean_shortcode_before_footer_bottom":"","ocean_shortcode_after_footer_bottom":"","ocean_display_top_bar":"off","ocean_display_header":"default","ocean_header_style":"","ocean_center_header_left_menu":"","ocean_custom_header_template":"","ocean_custom_logo":0,"ocean_custom_retina_logo":0,"ocean_custom_logo_max_width":0,"ocean_custom_logo_tablet_max_width":0,"ocean_custom_logo_mobile_max_width":0,"ocean_custom_logo_max_height":0,"ocean_custom_logo_tablet_max_height":0,"ocean_custom_logo_mobile_max_height":0,"ocean_header_custom_menu":"","ocean_menu_typo_font_family":"","ocean_menu_typo_font_subset":"","ocean_menu_typo_font_size":0,"ocean_menu_typo_font_size_tablet":0,"ocean_menu_typo_font_size_mobile":0,"ocean_menu_typo_font_size_unit":"px","ocean_menu_typo_font_weight":"","ocean_menu_typo_font_weight_tablet":"","ocean_menu_typo_font_weight_mobile":"","ocean_menu_typo_transform":"","ocean_menu_typo_transform_tablet":"","ocean_menu_typo_transform_mobile":"","ocean_menu_typo_line_height":0,"ocean_menu_typo_line_height_tablet":0,"ocean_menu_typo_line_height_mobile":0,"ocean_menu_typo_line_height_unit":"","ocean_menu_typo_spacing":0,"ocean_menu_typo_spacing_tablet":0,"ocean_menu_typo_spacing_mobile":0,"ocean_menu_typo_spacing_unit":"","ocean_menu_link_color":"","ocean_menu_link_color_hover":"","ocean_menu_link_color_active":"","ocean_menu_link_background":"","ocean_menu_link_hover_background":"","ocean_menu_link_active_background":"","ocean_menu_social_links_bg":"","ocean_menu_social_hover_links_bg":"","ocean_menu_social_links_color":"","ocean_menu_social_hover_links_color":"","ocean_disable_title":"on","ocean_disable_heading":"default","ocean_post_title":"","ocean_post_subheading":"","ocean_post_title_style":"","ocean_post_title_background_color":"","ocean_post_title_background":0,"ocean_post_title_bg_image_position":"","ocean_post_title_bg_image_attachment":"","ocean_post_title_bg_image_repeat":"","ocean_post_title_bg_image_size":"","ocean_post_title_height":0,"ocean_post_title_bg_overlay":0.5,"ocean_post_title_bg_overlay_color":"","ocean_disable_breadcrumbs":"default","ocean_breadcrumbs_color":"","ocean_breadcrumbs_separator_color":"","ocean_breadcrumbs_links_color":"","ocean_breadcrumbs_links_hover_color":"","ocean_display_footer_widgets":"off","ocean_display_footer_bottom":"off","ocean_custom_footer_template":"","footnotes":""},"jetpack_sharing_enabled":true,"_links":{"self":[{"href":"https:\/\/vita-glas.de\/en\/wp-json\/wp\/v2\/pages\/24"}],"collection":[{"href":"https:\/\/vita-glas.de\/en\/wp-json\/wp\/v2\/pages"}],"about":[{"href":"https:\/\/vita-glas.de\/en\/wp-json\/wp\/v2\/types\/page"}],"author":[{"embeddable":true,"href":"https:\/\/vita-glas.de\/en\/wp-json\/wp\/v2\/users\/1"}],"replies":[{"embeddable":true,"href":"https:\/\/vita-glas.de\/en\/wp-json\/wp\/v2\/comments?post=24"}],"version-history":[{"count":22,"href":"https:\/\/vita-glas.de\/en\/wp-json\/wp\/v2\/pages\/24\/revisions"}],"predecessor-version":[{"id":179,"href":"https:\/\/vita-glas.de\/en\/wp-json\/wp\/v2\/pages\/24\/revisions\/179"}],"wp:attachment":[{"href":"https:\/\/vita-glas.de\/en\/wp-json\/wp\/v2\/media?parent=24"}],"curies":[{"name":"wp","href":"https:\/\/api.w.org\/{rel}","templated":true}]}}